{"id":91,"date":"2025-07-25T13:49:45","date_gmt":"2025-07-25T11:49:45","guid":{"rendered":"https:\/\/sf-dabrowa-gornicza.zabiegibeauty.pl\/?page_id=91"},"modified":"2025-07-25T13:51:09","modified_gmt":"2025-07-25T11:51:09","slug":"multipolar-rf-twarz-strona-koncowa","status":"publish","type":"page","link":"https:\/\/sf-dabrowa-gornicza.zabiegibeauty.pl\/?page_id=91","title":{"rendered":"Multipolar RF twarz &#8211; strona ko\u0144cowa"},"content":{"rendered":"\t\t<div data-elementor-type=\"wp-page\" data-elementor-id=\"91\" class=\"elementor elementor-91\">\n\t\t\t\t\t\t<section class=\"elementor-section elementor-top-section elementor-element elementor-element-61f1ba6 elementor-section-boxed elementor-section-height-default elementor-section-height-default wpr-particle-no wpr-jarallax-no wpr-parallax-no wpr-sticky-section-no\" data-id=\"61f1ba6\" data-element_type=\"section\" data-settings=\"{&quot;background_background&quot;:&quot;classic&quot;}\">\n\t\t\t\t\t\t\t<div class=\"elementor-background-overlay\"><\/div>\n\t\t\t\t\t\t\t<div class=\"elementor-container elementor-column-gap-default\">\n\t\t\t\t\t<div class=\"elementor-column elementor-col-100 elementor-top-column elementor-element elementor-element-ea27036 elementor-invisible\" data-id=\"ea27036\" data-element_type=\"column\" data-settings=\"{&quot;animation&quot;:&quot;fadeIn&quot;}\">\n\t\t\t<div class=\"elementor-widget-wrap elementor-element-populated\">\n\t\t\t\t\t\t<div class=\"elementor-element elementor-element-59c24fa elementor-widget elementor-widget-heading\" data-id=\"59c24fa\" data-element_type=\"widget\" data-widget_type=\"heading.default\">\n\t\t\t\t\t<h2 class=\"elementor-heading-title elementor-size-default\">Oferta Specjalna<\/h2>\t\t\t\t<\/div>\n\t\t\t\t<div class=\"elementor-element elementor-element-b1bbc80 elementor-widget elementor-widget-progress\" data-id=\"b1bbc80\" data-element_type=\"widget\" data-widget_type=\"progress.default\">\n\t\t\t\t\t\t\t\t<span class=\"elementor-title\" id=\"elementor-progress-bar-b1bbc80\">\n\t\t\t\tZapis\t\t\t<\/span>\n\t\t\n\t\t<div aria-labelledby=\"elementor-progress-bar-b1bbc80\" class=\"elementor-progress-wrapper\" role=\"progressbar\" aria-valuemin=\"0\" aria-valuemax=\"100\" aria-valuenow=\"100\" aria-valuetext=\"100% (Zapis na wizyt\u0119)\">\n\t\t\t<div class=\"elementor-progress-bar\" data-max=\"100\">\n\t\t\t\t<span class=\"elementor-progress-text\">Zapis na wizyt\u0119<\/span>\n\t\t\t\t\t\t\t\t\t<span class=\"elementor-progress-percentage\">100%<\/span>\n\t\t\t\t\t\t\t<\/div>\n\t\t<\/div>\n\t\t\t\t\t\t<\/div>\n\t\t\t\t<div class=\"elementor-element elementor-element-9d8248e elementor-widget elementor-widget-counter\" data-id=\"9d8248e\" data-element_type=\"widget\" data-widget_type=\"counter.default\">\n\t\t\t\t\t\t\t<div class=\"elementor-counter\">\n\t\t\t<div class=\"elementor-counter-title\">Za Tob\u0105<\/div>\t\t\t<div class=\"elementor-counter-number-wrapper\">\n\t\t\t\t<span class=\"elementor-counter-number-prefix\"><\/span>\n\t\t\t\t<span class=\"elementor-counter-number\" data-duration=\"2000\" data-to-value=\"100\" data-from-value=\"0\" data-delimiter=\",\">0<\/span>\n\t\t\t\t<span class=\"elementor-counter-number-suffix\">%<\/span>\n\t\t\t<\/div>\n\t\t<\/div>\n\t\t\t\t\t\t<\/div>\n\t\t\t\t<div class=\"elementor-element elementor-element-6f628c8 elementor-widget elementor-widget-heading\" data-id=\"6f628c8\" data-element_type=\"widget\" data-widget_type=\"heading.default\">\n\t\t\t\t\t<h2 class=\"elementor-heading-title elementor-size-default\">Dzi\u0119kujemy za zapis w formularzu.<br>Kliknij przycisk poni\u017cej, aby zadzwoni\u0107 do salonu<br>i um\u00f3wi\u0107 dogodny dla Ciebie termin.<\/h2>\t\t\t\t<\/div>\n\t\t\t\t<div class=\"elementor-element elementor-element-e5d5cc2 elementor-align-center elementor-widget elementor-widget-button\" data-id=\"e5d5cc2\" data-element_type=\"widget\" data-widget_type=\"button.default\">\n\t\t\t\t\t\t\t\t\t\t<a class=\"elementor-button elementor-button-link elementor-size-sm\" href=\"tel:48%20660%20137%20953\">\n\t\t\t\t\t\t<span class=\"elementor-button-content-wrapper\">\n\t\t\t\t\t\t\t\t\t<span class=\"elementor-button-text\">Zadzwo\u0144 do salonu!<\/span>\n\t\t\t\t\t<\/span>\n\t\t\t\t\t<\/a>\n\t\t\t\t\t\t\t\t<\/div>\n\t\t\t\t<div class=\"elementor-element elementor-element-555165b elementor-widget elementor-widget-heading\" data-id=\"555165b\" data-element_type=\"widget\" data-widget_type=\"heading.default\">\n\t\t\t\t\t<h2 class=\"elementor-heading-title elementor-size-default\"><a href=\"tel:48%20660%20137%20953\">Numer telefonu: +48 660 137 953<\/a><\/h2>\t\t\t\t<\/div>\n\t\t\t\t<div class=\"elementor-element elementor-element-77cb7d8 elementor-widget elementor-widget-text-editor\" data-id=\"77cb7d8\" data-element_type=\"widget\" data-widget_type=\"text-editor.default\">\n\t\t\t\t\t\t\t\t\t<p>Wysy\u0142aj\u0105c formularz wyra\u017casz zgod\u0119 na przetwarzanie danych osobowych zgodnie z <a href=\"https:\/\/sf-dabrowa-gornicza.zabiegibeauty.pl\/?page_id=3\"><span style=\"text-decoration: underline; color: #000080;\">Polityk\u0105 prywatno\u015bci<\/span>.<\/a><\/p>\t\t\t\t\t\t\t\t<\/div>\n\t\t\t\t\t<\/div>\n\t\t<\/div>\n\t\t\t\t\t<\/div>\n\t\t<\/section>\n\t\t\t\t<\/div>\n\t\t","protected":false},"excerpt":{"rendered":"<p>Oferta Specjalna Zapis Zapis na wizyt\u0119 100% Za Tob\u0105 0 % Dzi\u0119kujemy za zapis w formularzu.Kliknij przycisk poni\u017cej, aby zadzwoni\u0107 do salonui um\u00f3wi\u0107 dogodny dla Ciebie termin. Zadzwo\u0144 do salonu! Numer telefonu: +48 660 137 953 Wysy\u0142aj\u0105c formularz wyra\u017casz zgod\u0119 na przetwarzanie danych osobowych zgodnie z Polityk\u0105 prywatno\u015bci.<\/p>\n","protected":false},"author":1,"featured_media":0,"parent":0,"menu_order":0,"comment_status":"closed","ping_status":"closed","template":"elementor_canvas","meta":{"footnotes":""},"class_list":["post-91","page","type-page","status-publish","hentry"],"_links":{"self":[{"href":"https:\/\/sf-dabrowa-gornicza.zabiegibeauty.pl\/index.php?rest_route=\/wp\/v2\/pages\/91","targetHints":{"allow":["GET"]}}],"collection":[{"href":"https:\/\/sf-dabrowa-gornicza.zabiegibeauty.pl\/index.php?rest_route=\/wp\/v2\/pages"}],"about":[{"href":"https:\/\/sf-dabrowa-gornicza.zabiegibeauty.pl\/index.php?rest_route=\/wp\/v2\/types\/page"}],"author":[{"embeddable":true,"href":"https:\/\/sf-dabrowa-gornicza.zabiegibeauty.pl\/index.php?rest_route=\/wp\/v2\/users\/1"}],"replies":[{"embeddable":true,"href":"https:\/\/sf-dabrowa-gornicza.zabiegibeauty.pl\/index.php?rest_route=%2Fwp%2Fv2%2Fcomments&post=91"}],"version-history":[{"count":4,"href":"https:\/\/sf-dabrowa-gornicza.zabiegibeauty.pl\/index.php?rest_route=\/wp\/v2\/pages\/91\/revisions"}],"predecessor-version":[{"id":99,"href":"https:\/\/sf-dabrowa-gornicza.zabiegibeauty.pl\/index.php?rest_route=\/wp\/v2\/pages\/91\/revisions\/99"}],"wp:attachment":[{"href":"https:\/\/sf-dabrowa-gornicza.zabiegibeauty.pl\/index.php?rest_route=%2Fwp%2Fv2%2Fmedia&parent=91"}],"curies":[{"name":"wp","href":"https:\/\/api.w.org\/{rel}","templated":true}]}}